{"id":2,"date":"2025-02-24T09:32:45","date_gmt":"2025-02-24T09:32:45","guid":{"rendered":"https:\/\/kantojyrsimet.fi\/?page_id=2"},"modified":"2025-04-25T00:59:41","modified_gmt":"2025-04-24T21:59:41","slug":"asiakaskokemuksia","status":"publish","type":"page","link":"https:\/\/kantojyrsimet.fi\/?page_id=2","title":{"rendered":"Asiakaskokemuksia"},"content":{"rendered":"\n<p>Ker\u00e4\u00e4mme asiakaspalautteita terist\u00e4 ja niiden k\u00e4yt\u00f6st\u00e4. Kaikki kommentit ja palautteet ovat tervetulleita:<\/p>\n\n\n\n<blockquote class=\"wp-block-quote is-layout-flow wp-block-quote-is-layout-flow\">\n<p>Ostin Laskiin ter\u00e4t, joissa on tuplakarbiidi, ja voin sanoa, ett\u00e4 ne ovat selv\u00e4sti paremmat kuin alkuper\u00e4iset! Ter\u00e4t kest\u00e4v\u00e4mm\u00e4t, jyrsint\u00e4 parani ja ne kest\u00e4v\u00e4t pidemp\u00e4\u00e4n. Eritt\u00e4in tyytyv\u00e4inen hankintaan!<\/p>\n<\/blockquote>\n\n\n\n<p>My\u00f6s tuumamitoilla olevia teri\u00e4 l\u00f6ytyy:<\/p>\n\n\n\n<blockquote class=\"wp-block-quote is-layout-flow wp-block-quote-is-layout-flow\">\n<p>Raycoon l\u00f6ytyi ter\u00e4t ja sopuhintaiset kovat tuumaset pultit. Kovia tuumasia pultteja on ollut vaikea l\u00f6yt\u00e4\u00e4 meilt\u00e4 p\u00e4in j\u00e4rkihintaan. Hinta-laatusuhde on kohdillaan, ja ter\u00e4t kest\u00e4v\u00e4t hyvin vaativassakin k\u00e4yt\u00f6ss\u00e4!<\/p>\n<\/blockquote>\n\n\n\n<p>Ottakaa yhteytt\u00e4 ja katsotaan teille sopivat ter\u00e4t, mik\u00e4li valikoimasta ei suoraan sopivaa mallia l\u00f6ytynyt<\/p>\n\n\n\n<div class=\"wpcf7 no-js\" id=\"wpcf7-f123-o1\" lang=\"fi\" dir=\"ltr\" data-wpcf7-id=\"123\">\n<div class=\"screen-reader-response\"><p role=\"status\" aria-live=\"polite\" aria-atomic=\"true\"><\/p> <ul><\/ul><\/div>\n<form action=\"\/index.php?rest_route=%2Fwp%2Fv2%2Fpages%2F2#wpcf7-f123-o1\" method=\"post\" class=\"wpcf7-form init\" aria-label=\"Yhteydenottolomake\" novalidate=\"novalidate\" data-status=\"init\">\n<fieldset class=\"hidden-fields-container\"><input type=\"hidden\" name=\"_wpcf7\" value=\"123\" \/><input type=\"hidden\" name=\"_wpcf7_version\" value=\"6.1.5\" \/><input type=\"hidden\" name=\"_wpcf7_locale\" value=\"fi\" \/><input type=\"hidden\" name=\"_wpcf7_unit_tag\" value=\"wpcf7-f123-o1\" \/><input type=\"hidden\" name=\"_wpcf7_container_post\" value=\"0\" \/><input type=\"hidden\" name=\"_wpcf7_posted_data_hash\" value=\"\" \/>\n<\/fieldset>\n<p><span class=\"wpcf7-form-control-wrap\" data-name=\"your-name\"><input size=\"40\" maxlength=\"400\" class=\"wpcf7-form-control wpcf7-text wpcf7-validates-as-required\" aria-required=\"true\" aria-invalid=\"false\" placeholder=\"Nimi\" value=\"\" type=\"text\" name=\"your-name\" \/><\/span><br \/>\n<span class=\"wpcf7-form-control-wrap\" data-name=\"your-email\"><input size=\"40\" maxlength=\"400\" class=\"wpcf7-form-control wpcf7-email wpcf7-validates-as-required wpcf7-text wpcf7-validates-as-email\" aria-required=\"true\" aria-invalid=\"false\" placeholder=\"S\u00e4hk\u00f6posti\" value=\"\" type=\"email\" name=\"your-email\" \/><\/span><br \/>\n<span class=\"wpcf7-form-control-wrap\" data-name=\"your-phone\"><input size=\"40\" maxlength=\"400\" class=\"wpcf7-form-control wpcf7-text\" aria-invalid=\"false\" placeholder=\"Puhelinnumero\" value=\"\" type=\"text\" name=\"your-phone\" \/><\/span><br \/>\n<span class=\"wpcf7-form-control-wrap\" data-name=\"your-message\"><textarea cols=\"40\" rows=\"10\" maxlength=\"2000\" class=\"wpcf7-form-control wpcf7-textarea wpcf7-validates-as-required\" aria-required=\"true\" aria-invalid=\"false\" placeholder=\"Kerro tarjouspyynn\u00f6n yksityiskohdat\" name=\"your-message\"><\/textarea><\/span><br \/>\n<input class=\"wpcf7-form-control wpcf7-submit has-spinner\" type=\"submit\" value=\"L\u00e4het\u00e4 tarjouspyynt\u00f6\" \/>\n<\/p><div class=\"wpcf7-response-output\" aria-hidden=\"true\"><\/div>\n<\/form>\n<\/div>\n\n\n\n\n<p><\/p>\n","protected":false},"excerpt":{"rendered":"<p>Ker\u00e4\u00e4mme asiakaspalautteita terist\u00e4 ja niiden k\u00e4yt\u00f6st\u00e4. Kaikki kommentit ja palautteet ovat tervetulleita: Ostin Laskiin ter\u00e4t, joissa on tuplakarbiidi, ja voin sanoa, ett\u00e4 ne ovat selv\u00e4sti paremmat kuin alkuper\u00e4iset! Ter\u00e4t kest\u00e4v\u00e4mm\u00e4t, jyrsint\u00e4 parani ja ne kest\u00e4v\u00e4t pidemp\u00e4\u00e4n. Eritt\u00e4in tyytyv\u00e4inen hankintaan! My\u00f6s tuumamitoilla olevia teri\u00e4 l\u00f6ytyy: Raycoon l\u00f6ytyi ter\u00e4t ja sopuhintaiset kovat tuumaset pultit. Kovia tuumasia pultteja [&hellip;]<\/p>\n","protected":false},"author":1,"featured_media":0,"parent":0,"menu_order":0,"comment_status":"closed","ping_status":"closed","template":"","meta":{"footnotes":""},"class_list":["post-2","page","type-page","status-publish","hentry"],"yoast_head":"<!-- This site is optimized with the Yoast SEO plugin v26.8 - https:\/\/yoast.com\/product\/yoast-seo-wordpress\/ -->\n<title>Asiakaskokemuksia - Kantojyrsimet<\/title>\n<meta name=\"robots\" content=\"index, follow, max-snippet:-1, max-image-preview:large, max-video-preview:-1\" \/>\n<link rel=\"canonical\" href=\"https:\/\/kantojyrsimet.fi\/?page_id=2\" \/>\n<meta property=\"og:locale\" content=\"fi_FI\" \/>\n<meta property=\"og:type\" content=\"article\" \/>\n<meta property=\"og:title\" content=\"Asiakaskokemuksia - Kantojyrsimet\" \/>\n<meta property=\"og:description\" content=\"Ker\u00e4\u00e4mme asiakaspalautteita terist\u00e4 ja niiden k\u00e4yt\u00f6st\u00e4. Kaikki kommentit ja palautteet ovat tervetulleita: Ostin Laskiin ter\u00e4t, joissa on tuplakarbiidi, ja voin sanoa, ett\u00e4 ne ovat selv\u00e4sti paremmat kuin alkuper\u00e4iset! Ter\u00e4t kest\u00e4v\u00e4mm\u00e4t, jyrsint\u00e4 parani ja ne kest\u00e4v\u00e4t pidemp\u00e4\u00e4n. Eritt\u00e4in tyytyv\u00e4inen hankintaan! My\u00f6s tuumamitoilla olevia teri\u00e4 l\u00f6ytyy: Raycoon l\u00f6ytyi ter\u00e4t ja sopuhintaiset kovat tuumaset pultit. Kovia tuumasia pultteja [&hellip;]\" \/>\n<meta property=\"og:url\" content=\"https:\/\/kantojyrsimet.fi\/?page_id=2\" \/>\n<meta property=\"og:site_name\" content=\"Kantojyrsimet\" \/>\n<meta property=\"article:modified_time\" content=\"2025-04-24T21:59:41+00:00\" \/>\n<meta name=\"twitter:card\" content=\"summary_large_image\" \/>\n<meta name=\"twitter:label1\" content=\"Arvioitu lukuaika\" \/>\n\t<meta name=\"twitter:data1\" content=\"1 minuutti\" \/>\n<script type=\"application\/ld+json\" class=\"yoast-schema-graph\">{\"@context\":\"https:\/\/schema.org\",\"@graph\":[{\"@type\":\"WebPage\",\"@id\":\"https:\/\/kantojyrsimet.fi\/?page_id=2\",\"url\":\"https:\/\/kantojyrsimet.fi\/?page_id=2\",\"name\":\"Asiakaskokemuksia - Kantojyrsimet\",\"isPartOf\":{\"@id\":\"https:\/\/kantojyrsimet.fi\/#website\"},\"datePublished\":\"2025-02-24T09:32:45+00:00\",\"dateModified\":\"2025-04-24T21:59:41+00:00\",\"breadcrumb\":{\"@id\":\"https:\/\/kantojyrsimet.fi\/?page_id=2#breadcrumb\"},\"inLanguage\":\"fi\",\"potentialAction\":[{\"@type\":\"ReadAction\",\"target\":[\"https:\/\/kantojyrsimet.fi\/?page_id=2\"]}]},{\"@type\":\"BreadcrumbList\",\"@id\":\"https:\/\/kantojyrsimet.fi\/?page_id=2#breadcrumb\",\"itemListElement\":[{\"@type\":\"ListItem\",\"position\":1,\"name\":\"Home\",\"item\":\"https:\/\/kantojyrsimet.fi\/\"},{\"@type\":\"ListItem\",\"position\":2,\"name\":\"Asiakaskokemuksia\"}]},{\"@type\":\"WebSite\",\"@id\":\"https:\/\/kantojyrsimet.fi\/#website\",\"url\":\"https:\/\/kantojyrsimet.fi\/\",\"name\":\"Kantojyrsimet\",\"description\":\"Ter\u00e4t kantojyrsimiin\",\"publisher\":{\"@id\":\"https:\/\/kantojyrsimet.fi\/#organization\"},\"potentialAction\":[{\"@type\":\"SearchAction\",\"target\":{\"@type\":\"EntryPoint\",\"urlTemplate\":\"https:\/\/kantojyrsimet.fi\/?s={search_term_string}\"},\"query-input\":{\"@type\":\"PropertyValueSpecification\",\"valueRequired\":true,\"valueName\":\"search_term_string\"}}],\"inLanguage\":\"fi\"},{\"@type\":\"Organization\",\"@id\":\"https:\/\/kantojyrsimet.fi\/#organization\",\"name\":\"Kantojyrsimet\",\"url\":\"https:\/\/kantojyrsimet.fi\/\",\"logo\":{\"@type\":\"ImageObject\",\"inLanguage\":\"fi\",\"@id\":\"https:\/\/kantojyrsimet.fi\/#\/schema\/logo\/image\/\",\"url\":\"https:\/\/kantojyrsimet.fi\/wp-content\/uploads\/2025\/04\/cropped-hartos-05-scaled-1.jpg\",\"contentUrl\":\"https:\/\/kantojyrsimet.fi\/wp-content\/uploads\/2025\/04\/cropped-hartos-05-scaled-1.jpg\",\"width\":2559,\"height\":888,\"caption\":\"Kantojyrsimet\"},\"image\":{\"@id\":\"https:\/\/kantojyrsimet.fi\/#\/schema\/logo\/image\/\"}}]}<\/script>\n<!-- \/ Yoast SEO plugin. -->","yoast_head_json":{"title":"Asiakaskokemuksia - Kantojyrsimet","robots":{"index":"index","follow":"follow","max-snippet":"max-snippet:-1","max-image-preview":"max-image-preview:large","max-video-preview":"max-video-preview:-1"},"canonical":"https:\/\/kantojyrsimet.fi\/?page_id=2","og_locale":"fi_FI","og_type":"article","og_title":"Asiakaskokemuksia - Kantojyrsimet","og_description":"Ker\u00e4\u00e4mme asiakaspalautteita terist\u00e4 ja niiden k\u00e4yt\u00f6st\u00e4. Kaikki kommentit ja palautteet ovat tervetulleita: Ostin Laskiin ter\u00e4t, joissa on tuplakarbiidi, ja voin sanoa, ett\u00e4 ne ovat selv\u00e4sti paremmat kuin alkuper\u00e4iset! Ter\u00e4t kest\u00e4v\u00e4mm\u00e4t, jyrsint\u00e4 parani ja ne kest\u00e4v\u00e4t pidemp\u00e4\u00e4n. Eritt\u00e4in tyytyv\u00e4inen hankintaan! My\u00f6s tuumamitoilla olevia teri\u00e4 l\u00f6ytyy: Raycoon l\u00f6ytyi ter\u00e4t ja sopuhintaiset kovat tuumaset pultit. Kovia tuumasia pultteja [&hellip;]","og_url":"https:\/\/kantojyrsimet.fi\/?page_id=2","og_site_name":"Kantojyrsimet","article_modified_time":"2025-04-24T21:59:41+00:00","twitter_card":"summary_large_image","twitter_misc":{"Arvioitu lukuaika":"1 minuutti"},"schema":{"@context":"https:\/\/schema.org","@graph":[{"@type":"WebPage","@id":"https:\/\/kantojyrsimet.fi\/?page_id=2","url":"https:\/\/kantojyrsimet.fi\/?page_id=2","name":"Asiakaskokemuksia - Kantojyrsimet","isPartOf":{"@id":"https:\/\/kantojyrsimet.fi\/#website"},"datePublished":"2025-02-24T09:32:45+00:00","dateModified":"2025-04-24T21:59:41+00:00","breadcrumb":{"@id":"https:\/\/kantojyrsimet.fi\/?page_id=2#breadcrumb"},"inLanguage":"fi","potentialAction":[{"@type":"ReadAction","target":["https:\/\/kantojyrsimet.fi\/?page_id=2"]}]},{"@type":"BreadcrumbList","@id":"https:\/\/kantojyrsimet.fi\/?page_id=2#breadcrumb","itemListElement":[{"@type":"ListItem","position":1,"name":"Home","item":"https:\/\/kantojyrsimet.fi\/"},{"@type":"ListItem","position":2,"name":"Asiakaskokemuksia"}]},{"@type":"WebSite","@id":"https:\/\/kantojyrsimet.fi\/#website","url":"https:\/\/kantojyrsimet.fi\/","name":"Kantojyrsimet","description":"Ter\u00e4t kantojyrsimiin","publisher":{"@id":"https:\/\/kantojyrsimet.fi\/#organization"},"potentialAction":[{"@type":"SearchAction","target":{"@type":"EntryPoint","urlTemplate":"https:\/\/kantojyrsimet.fi\/?s={search_term_string}"},"query-input":{"@type":"PropertyValueSpecification","valueRequired":true,"valueName":"search_term_string"}}],"inLanguage":"fi"},{"@type":"Organization","@id":"https:\/\/kantojyrsimet.fi\/#organization","name":"Kantojyrsimet","url":"https:\/\/kantojyrsimet.fi\/","logo":{"@type":"ImageObject","inLanguage":"fi","@id":"https:\/\/kantojyrsimet.fi\/#\/schema\/logo\/image\/","url":"https:\/\/kantojyrsimet.fi\/wp-content\/uploads\/2025\/04\/cropped-hartos-05-scaled-1.jpg","contentUrl":"https:\/\/kantojyrsimet.fi\/wp-content\/uploads\/2025\/04\/cropped-hartos-05-scaled-1.jpg","width":2559,"height":888,"caption":"Kantojyrsimet"},"image":{"@id":"https:\/\/kantojyrsimet.fi\/#\/schema\/logo\/image\/"}}]}},"_links":{"self":[{"href":"https:\/\/kantojyrsimet.fi\/index.php?rest_route=\/wp\/v2\/pages\/2","targetHints":{"allow":["GET"]}}],"collection":[{"href":"https:\/\/kantojyrsimet.fi\/index.php?rest_route=\/wp\/v2\/pages"}],"about":[{"href":"https:\/\/kantojyrsimet.fi\/index.php?rest_route=\/wp\/v2\/types\/page"}],"author":[{"embeddable":true,"href":"https:\/\/kantojyrsimet.fi\/index.php?rest_route=\/wp\/v2\/users\/1"}],"replies":[{"embeddable":true,"href":"https:\/\/kantojyrsimet.fi\/index.php?rest_route=%2Fwp%2Fv2%2Fcomments&post=2"}],"version-history":[{"count":3,"href":"https:\/\/kantojyrsimet.fi\/index.php?rest_route=\/wp\/v2\/pages\/2\/revisions"}],"predecessor-version":[{"id":124,"href":"https:\/\/kantojyrsimet.fi\/index.php?rest_route=\/wp\/v2\/pages\/2\/revisions\/124"}],"wp:attachment":[{"href":"https:\/\/kantojyrsimet.fi\/index.php?rest_route=%2Fwp%2Fv2%2Fmedia&parent=2"}],"curies":[{"name":"wp","href":"https:\/\/api.w.org\/{rel}","templated":true}]}}